{"id":76,"date":"2016-03-11T12:33:50","date_gmt":"2016-03-11T11:33:50","guid":{"rendered":"http:\/\/www.aufkleber-druck-profi.de\/?page_id=76"},"modified":"2019-01-31T08:24:02","modified_gmt":"2019-01-31T07:24:02","slug":"fussbodenaufkleber","status":"publish","type":"page","link":"http:\/\/megaprint-profi.de\/?page_id=76","title":{"rendered":"Kleben, schwei\u00dfen &#038; n\u00e4hen"},"content":{"rendered":"<div id=\"pl-76\"  class=\"panel-layout\" ><div id=\"pg-76-0\"  class=\"panel-grid panel-no-style\" ><div id=\"pgc-76-0-0\"  class=\"panel-grid-cell\" ><div id=\"panel-76-0-0-0\" class=\"so-panel widget widget_sow-editor panel-first-child panel-last-child\" data-index=\"0\" ><div\n\t\t\t\n\t\t\tclass=\"so-widget-sow-editor so-widget-sow-editor-base\"\n\t\t\t\n\t\t>\n<div class=\"siteorigin-widget-tinymce textwidget\">\n\t<p>Um mehrere <strong>Megaprints miteinander zu verbinden<\/strong>, werde diese h\u00e4ufig mit einem <strong>Spezialkleber<\/strong> verklebt.<\/p>\n<p><strong>Dieser Kleber b\u00fcrgt f\u00fcr eine dauerhafte Verbindung und ist zudem unsichtbar. <\/strong><\/p>\n<p>Weitere M\u00f6glichkeiten sind das <strong>Verschwei\u00dfen oder Vern\u00e4hen<\/strong> der Bahnen<\/p>\n<\/div>\n<\/div><\/div><\/div><div id=\"pgc-76-0-1\"  class=\"panel-grid-cell\" ><div id=\"panel-76-0-1-0\" class=\"so-panel widget widget_sow-editor panel-first-child panel-last-child\" data-index=\"1\" ><div\n\t\t\t\n\t\t\tclass=\"so-widget-sow-editor so-widget-sow-editor-base\"\n\t\t\t\n\t\t>\n<div class=\"siteorigin-widget-tinymce textwidget\">\n\t<div class=\"et_lb_module et_lb_text_block\">\n<p><strong>Welches Verfahren<\/strong>\u00a0zum Einsatz gelangt, h\u00e4ngt \u00fcblicherweise vom <strong>Produktionsbetrieb<\/strong> und vom <strong>eingesetzten Material<\/strong> ab.<\/p>\n<p><strong>Leichte Stoffe werden eher miteinander vern\u00e4ht, w\u00e4hrend PVC-Planen geklebt oder<br \/>\nverschwei\u00dft werden.<\/strong><\/p>\n<\/div>\n<\/div>\n<\/div><\/div><\/div><\/div><\/div>","protected":false},"excerpt":{"rendered":"<p>Um mehrere Megaprints miteinander zu verbinden, werde diese h\u00e4ufig mit einem Spezialkleber verklebt. Dieser Kleber b\u00fcrgt f\u00fcr eine dauerhafte Verbindung<\/p>\n","protected":false},"author":1,"featured_media":0,"parent":0,"menu_order":0,"comment_status":"closed","ping_status":"closed","template":"","meta":{"footnotes":""},"_links":{"self":[{"href":"http:\/\/megaprint-profi.de\/index.php?rest_route=\/wp\/v2\/pages\/76"}],"collection":[{"href":"http:\/\/megaprint-profi.de\/index.php?rest_route=\/wp\/v2\/pages"}],"about":[{"href":"http:\/\/megaprint-profi.de\/index.php?rest_route=\/wp\/v2\/types\/page"}],"author":[{"embeddable":true,"href":"http:\/\/megaprint-profi.de\/index.php?rest_route=\/wp\/v2\/users\/1"}],"replies":[{"embeddable":true,"href":"http:\/\/megaprint-profi.de\/index.php?rest_route=%2Fwp%2Fv2%2Fcomments&post=76"}],"version-history":[{"count":10,"href":"http:\/\/megaprint-profi.de\/index.php?rest_route=\/wp\/v2\/pages\/76\/revisions"}],"predecessor-version":[{"id":352,"href":"http:\/\/megaprint-profi.de\/index.php?rest_route=\/wp\/v2\/pages\/76\/revisions\/352"}],"wp:attachment":[{"href":"http:\/\/megaprint-profi.de\/index.php?rest_route=%2Fwp%2Fv2%2Fmedia&parent=76"}],"curies":[{"name":"wp","href":"https:\/\/api.w.org\/{rel}","templated":true}]}}