{"id":74,"date":"2016-03-11T12:33:36","date_gmt":"2016-03-11T11:33:36","guid":{"rendered":"http:\/\/www.aufkleber-druck-profi.de\/?page_id=74"},"modified":"2018-06-19T08:05:16","modified_gmt":"2018-06-19T06:05:16","slug":"gold-silber-aufkleber","status":"publish","type":"page","link":"http:\/\/megaprint-profi.de\/?page_id=74","title":{"rendered":"Keder \u00b7 \u00d6sen \u00b7 Clips &#038; Co."},"content":{"rendered":"<div id=\"pl-74\"  class=\"panel-layout\" ><div id=\"pg-74-0\"  class=\"panel-grid panel-no-style\" ><div id=\"pgc-74-0-0\"  class=\"panel-grid-cell\" ><div id=\"panel-74-0-0-0\" class=\"so-panel widget widget_sow-editor panel-first-child panel-last-child\" data-index=\"0\" ><div\n\t\t\t\n\t\t\tclass=\"so-widget-sow-editor so-widget-sow-editor-base\"\n\t\t\t\n\t\t>\n<div class=\"siteorigin-widget-tinymce textwidget\">\n\t<div class=\"et_lb_module et_lb_text_block\">\n<p><strong>Keder<\/strong> kommen dann zum Einsatz, wenn die <strong>Prints f\u00fcr den Innenbereich zum Beispiel in einer Aluschiene aufgeh\u00e4ngt werden<\/strong>.<\/p>\n<p>Dabei sind\u00a0Keder-Alurahmen nicht nur sehr sch\u00f6n anzusehen, beispielsweise als<strong> Raumteiler<\/strong>, <strong>Wanddekoration<\/strong> oder <strong>Deckenh\u00e4nger<\/strong>, sondern k\u00f6nnen auch sehr n\u00fctzlich f\u00fcr das <strong>Raumambiente eines Warenshops sein<\/strong>.<\/p>\n<p><strong>Sie sind ebenso w\u00e4rme- wie schalld\u00e4mmend<\/strong>.<\/p>\n<p>Egal ob <strong>kleine Wanddekoration<\/strong> oder <strong>beeindruckender Druck im Gro\u00dfformat<\/strong> \u2013 mitttels <strong>Alu-Spannrahmen<\/strong> lassen sich Drucke innerhalb von Sekunden perfekt <strong>ins rechte Licht r\u00fccken<\/strong>.<\/p>\n<p><strong>Auf Messen und Ausstellungen muss es schnell und unkompliziert vonstattengehen.<\/strong> <strong>Das trifft vor allem auf den Wechsel von Werbemotiven zu.<\/strong><\/p>\n<p>Genau hier sind<strong> Alurahmen<\/strong> f\u00fcr die Aufnahme von <strong>Gro\u00dfformatdrucken<\/strong> <strong>bestens geeignet.<\/strong><\/p>\n<\/div>\n<\/div>\n<\/div><\/div><\/div><div id=\"pgc-74-0-1\"  class=\"panel-grid-cell\" ><div id=\"panel-74-0-1-0\" class=\"so-panel widget widget_sow-editor panel-first-child panel-last-child\" data-index=\"1\" ><div\n\t\t\t\n\t\t\tclass=\"so-widget-sow-editor so-widget-sow-editor-base\"\n\t\t\t\n\t\t>\n<div class=\"siteorigin-widget-tinymce textwidget\">\n\t<div class=\"et_lb_module et_lb_text_block\">\n<div title=\"Page 3\">\n<div>\n<div>\n<p>Bei der Anbringung von <strong>kleineren Gro\u00dfdrucken<\/strong> (Plakate, Poster etc)<strong> im Innenbereich<\/strong> werden h\u00e4ufig <strong>Schnellwechselrahmen<\/strong> eingesetzt.<\/p>\n<p><strong>Innerhalb der Schnellwechselrahmen werden die Druckst\u00fccke mit Clips befestigt<\/strong>.<\/p>\n<p>So lassen sich auch <strong>unterschidlich gro\u00dfe<\/strong> (<strong>oder kleine<\/strong>) <strong>Plakate<\/strong> in die Schnellwechselrahmen einspannen.<\/p>\n<p>Werden<strong> Megaprints f\u00fcr den Au\u00dfeneinsatz<\/strong> vorbereitet, erhalten sie <strong>Befestigungs\u00f6sen<\/strong>.<\/p>\n<p><strong>Je nach Gr\u00f6\u00dfe<\/strong> (<strong>und damit Gewicht<\/strong>) werden \u00d6sen <strong>im Abstand von ca. 50 bis 100 cm<\/strong> am Rand der<br \/>\nBigprints eingesetzt.<\/p>\n<p><strong>Dazu werden die Gro\u00dfdrucke bereits bei der Herstellung ca. 5 bis 10 cm ums\u00e4umt, um die \u00d6sen rei\u00dffest aufnehmen zu k\u00f6nnen<\/strong>.<\/p>\n<p><strong>Durch die \u00d6sen<\/strong> k\u00f6nnen die Banner oder Werbeplanen <strong>schnell und sicher aufgeh\u00e4ngt werden<\/strong>.<\/p>\n<\/div>\n<\/div>\n<\/div>\n<\/div>\n<\/div>\n<\/div><\/div><\/div><\/div><div id=\"pg-74-1\"  class=\"panel-grid panel-no-style\" ><div id=\"pgc-74-1-0\"  class=\"panel-grid-cell\" ><div id=\"panel-74-1-0-0\" class=\"so-panel widget widget_sow-image panel-first-child panel-last-child\" data-index=\"2\" ><div\n\t\t\t\n\t\t\tclass=\"so-widget-sow-image so-widget-sow-image-default-8b5b6f678277-74\"\n\t\t\t\n\t\t>\n\n<div class=\"sow-image-container\">\n\t\t<img decoding=\"async\" src=\"http:\/\/megaprint-profi.de\/wp-content\/uploads\/2018\/06\/Informationen-und-Preise-zum-Thema-Megaprint_006.jpg\" width=\"1024\" height=\"768\" srcset=\"http:\/\/megaprint-profi.de\/wp-content\/uploads\/2018\/06\/Informationen-und-Preise-zum-Thema-Megaprint_006.jpg 1024w, http:\/\/megaprint-profi.de\/wp-content\/uploads\/2018\/06\/Informationen-und-Preise-zum-Thema-Megaprint_006-300x225.jpg 300w, http:\/\/megaprint-profi.de\/wp-content\/uploads\/2018\/06\/Informationen-und-Preise-zum-Thema-Megaprint_006-768x576.jpg 768w\" sizes=\"(max-width: 1024px) 100vw, 1024px\" title=\"Informationen-und-Preise-zum-Thema-Megaprint_006.jpg\" alt=\"Informationen-und-Preise-zum-Thema-Megaprint_006.jpg\" loading=\"lazy\" \t\tclass=\"so-widget-image\"\/>\n\t<\/div>\n\n<\/div><\/div><\/div><div id=\"pgc-74-1-1\"  class=\"panel-grid-cell\" ><div id=\"panel-74-1-1-0\" class=\"so-panel widget widget_sow-image panel-first-child panel-last-child\" data-index=\"3\" ><div\n\t\t\t\n\t\t\tclass=\"so-widget-sow-image so-widget-sow-image-default-8b5b6f678277-74\"\n\t\t\t\n\t\t>\n\n<div class=\"sow-image-container\">\n\t\t<img decoding=\"async\" src=\"http:\/\/megaprint-profi.de\/wp-content\/uploads\/2018\/06\/Informationen-und-Preise-zum-Thema-Megaprint_005.jpg\" width=\"1024\" height=\"768\" srcset=\"http:\/\/megaprint-profi.de\/wp-content\/uploads\/2018\/06\/Informationen-und-Preise-zum-Thema-Megaprint_005.jpg 1024w, http:\/\/megaprint-profi.de\/wp-content\/uploads\/2018\/06\/Informationen-und-Preise-zum-Thema-Megaprint_005-300x225.jpg 300w, http:\/\/megaprint-profi.de\/wp-content\/uploads\/2018\/06\/Informationen-und-Preise-zum-Thema-Megaprint_005-768x576.jpg 768w\" sizes=\"(max-width: 1024px) 100vw, 1024px\" title=\"Informationen-und-Preise-zum-Thema-Megaprint_005.jpg\" alt=\"Informationen-und-Preise-zum-Thema-Megaprint_005.jpg\" loading=\"lazy\" \t\tclass=\"so-widget-image\"\/>\n\t<\/div>\n\n<\/div><\/div><\/div><\/div><\/div>","protected":false},"excerpt":{"rendered":"<p>Keder kommen dann zum Einsatz, wenn die Prints f\u00fcr den Innenbereich zum Beispiel in einer Aluschiene aufgeh\u00e4ngt werden. Dabei sind\u00a0Keder-Alurahmen<\/p>\n","protected":false},"author":1,"featured_media":0,"parent":0,"menu_order":0,"comment_status":"closed","ping_status":"closed","template":"","meta":{"footnotes":""},"_links":{"self":[{"href":"http:\/\/megaprint-profi.de\/index.php?rest_route=\/wp\/v2\/pages\/74"}],"collection":[{"href":"http:\/\/megaprint-profi.de\/index.php?rest_route=\/wp\/v2\/pages"}],"about":[{"href":"http:\/\/megaprint-profi.de\/index.php?rest_route=\/wp\/v2\/types\/page"}],"author":[{"embeddable":true,"href":"http:\/\/megaprint-profi.de\/index.php?rest_route=\/wp\/v2\/users\/1"}],"replies":[{"embeddable":true,"href":"http:\/\/megaprint-profi.de\/index.php?rest_route=%2Fwp%2Fv2%2Fcomments&post=74"}],"version-history":[{"count":6,"href":"http:\/\/megaprint-profi.de\/index.php?rest_route=\/wp\/v2\/pages\/74\/revisions"}],"predecessor-version":[{"id":331,"href":"http:\/\/megaprint-profi.de\/index.php?rest_route=\/wp\/v2\/pages\/74\/revisions\/331"}],"wp:attachment":[{"href":"http:\/\/megaprint-profi.de\/index.php?rest_route=%2Fwp%2Fv2%2Fmedia&parent=74"}],"curies":[{"name":"wp","href":"https:\/\/api.w.org\/{rel}","templated":true}]}}