{"id":171,"date":"2016-03-16T16:18:22","date_gmt":"2016-03-16T15:18:22","guid":{"rendered":"http:\/\/www.aufkleber-druck-profi.de\/?page_id=171"},"modified":"2018-06-18T14:48:59","modified_gmt":"2018-06-18T12:48:59","slug":"duennblech","status":"publish","type":"page","link":"http:\/\/megaprint-profi.de\/?page_id=171","title":{"rendered":"Befestigungen"},"content":{"rendered":"<div id=\"pl-171\"  class=\"panel-layout\" ><div id=\"pg-171-0\"  class=\"panel-grid panel-no-style\" ><div id=\"pgc-171-0-0\"  class=\"panel-grid-cell\" ><div id=\"panel-171-0-0-0\" class=\"so-panel widget widget_sow-image panel-first-child panel-last-child\" data-index=\"0\" ><div\n\t\t\t\n\t\t\tclass=\"so-widget-sow-image so-widget-sow-image-default-8b5b6f678277-171\"\n\t\t\t\n\t\t>\n\n<div class=\"sow-image-container\">\n\t\t<img decoding=\"async\" src=\"http:\/\/megaprint-profi.de\/wp-content\/uploads\/2018\/06\/Informationen-und-Preise-zum-Thema-Megaprint_002.jpg\" width=\"1024\" height=\"685\" srcset=\"http:\/\/megaprint-profi.de\/wp-content\/uploads\/2018\/06\/Informationen-und-Preise-zum-Thema-Megaprint_002.jpg 1024w, http:\/\/megaprint-profi.de\/wp-content\/uploads\/2018\/06\/Informationen-und-Preise-zum-Thema-Megaprint_002-300x201.jpg 300w, http:\/\/megaprint-profi.de\/wp-content\/uploads\/2018\/06\/Informationen-und-Preise-zum-Thema-Megaprint_002-768x514.jpg 768w, http:\/\/megaprint-profi.de\/wp-content\/uploads\/2018\/06\/Informationen-und-Preise-zum-Thema-Megaprint_002-272x182.jpg 272w\" sizes=\"(max-width: 1024px) 100vw, 1024px\" title=\"Informationen-und-Preise-zum-Thema-Megaprint_002.jpg\" alt=\"Informationen-und-Preise-zum-Thema-Megaprint_002.jpg\" loading=\"lazy\" \t\tclass=\"so-widget-image\"\/>\n\t<\/div>\n\n<\/div><\/div><\/div><div id=\"pgc-171-0-1\"  class=\"panel-grid-cell\" ><div id=\"panel-171-0-1-0\" class=\"so-panel widget widget_sow-editor panel-first-child panel-last-child\" data-index=\"1\" ><div\n\t\t\t\n\t\t\tclass=\"so-widget-sow-editor so-widget-sow-editor-base\"\n\t\t\t\n\t\t>\n<div class=\"siteorigin-widget-tinymce textwidget\">\n\t<p>Entweder lassen sich die Megaprints mittels <strong>stabiler Rahmen an H\u00e4userw\u00e4nden<\/strong> oder durch <strong>\u00d6sen an Bauger\u00fcsten<\/strong> wind- und wetterfest befestigen.<\/p>\n<p>Es kommen auch <strong>Wechselsysteme<\/strong> zum Einsatz,<br \/>\ndie dem Betreiber einer Werbefl\u00e4che das<strong> regelm\u00e4\u00dfige Tauschen<\/strong> der Prints erm\u00f6glicht. Eine <strong>Liftanlage<\/strong> f\u00e4hrt die Prints zum Motivwechsel auf Montageh\u00f6he herunter und erm\u00f6glicht ein schnelles Wechseln<br \/>\n(siehe auch <a href=\"http:\/\/www.idee-produktion.de\/?id=1300\">www.idee-produktion.de\/?id=1300<\/a>).<\/p>\n<p><strong>So werden weder Arbeitsb\u00fchne oder\u00a0<\/strong><strong>Hubwagen ben\u00f6tigt<\/strong>.<\/p>\n<\/div>\n<\/div><\/div><\/div><\/div><div id=\"pg-171-1\"  class=\"panel-grid panel-no-style\" ><div id=\"pgc-171-1-0\"  class=\"panel-grid-cell\" ><div id=\"panel-171-1-0-0\" class=\"so-panel widget widget_sow-image panel-first-child panel-last-child\" data-index=\"2\" ><div\n\t\t\t\n\t\t\tclass=\"so-widget-sow-image so-widget-sow-image-default-8b5b6f678277-171\"\n\t\t\t\n\t\t>\n\n<div class=\"sow-image-container\">\n\t\t<img decoding=\"async\" src=\"http:\/\/megaprint-profi.de\/wp-content\/uploads\/2018\/06\/Informationen-und-Preise-zum-Thema-Megaprint_006.jpg\" width=\"1024\" height=\"768\" srcset=\"http:\/\/megaprint-profi.de\/wp-content\/uploads\/2018\/06\/Informationen-und-Preise-zum-Thema-Megaprint_006.jpg 1024w, http:\/\/megaprint-profi.de\/wp-content\/uploads\/2018\/06\/Informationen-und-Preise-zum-Thema-Megaprint_006-300x225.jpg 300w, http:\/\/megaprint-profi.de\/wp-content\/uploads\/2018\/06\/Informationen-und-Preise-zum-Thema-Megaprint_006-768x576.jpg 768w\" sizes=\"(max-width: 1024px) 100vw, 1024px\" title=\"Informationen-und-Preise-zum-Thema-Megaprint_006.jpg\" alt=\"Informationen-und-Preise-zum-Thema-Megaprint_006.jpg\" loading=\"lazy\" \t\tclass=\"so-widget-image\"\/>\n\t<\/div>\n\n<\/div><\/div><\/div><div id=\"pgc-171-1-1\"  class=\"panel-grid-cell\" ><div id=\"panel-171-1-1-0\" class=\"so-panel widget widget_sow-image panel-first-child panel-last-child\" data-index=\"3\" ><div\n\t\t\t\n\t\t\tclass=\"so-widget-sow-image so-widget-sow-image-default-8b5b6f678277-171\"\n\t\t\t\n\t\t>\n\n<div class=\"sow-image-container\">\n\t\t<img decoding=\"async\" src=\"http:\/\/megaprint-profi.de\/wp-content\/uploads\/2018\/06\/Informationen-und-Preise-zum-Thema-Megaprint_005.jpg\" width=\"1024\" height=\"768\" srcset=\"http:\/\/megaprint-profi.de\/wp-content\/uploads\/2018\/06\/Informationen-und-Preise-zum-Thema-Megaprint_005.jpg 1024w, http:\/\/megaprint-profi.de\/wp-content\/uploads\/2018\/06\/Informationen-und-Preise-zum-Thema-Megaprint_005-300x225.jpg 300w, http:\/\/megaprint-profi.de\/wp-content\/uploads\/2018\/06\/Informationen-und-Preise-zum-Thema-Megaprint_005-768x576.jpg 768w\" sizes=\"(max-width: 1024px) 100vw, 1024px\" title=\"Informationen-und-Preise-zum-Thema-Megaprint_005.jpg\" alt=\"Informationen-und-Preise-zum-Thema-Megaprint_005.jpg\" loading=\"lazy\" \t\tclass=\"so-widget-image\"\/>\n\t<\/div>\n\n<\/div><\/div><\/div><\/div><\/div>","protected":false},"excerpt":{"rendered":"<p>Entweder lassen sich die Megaprints mittels stabiler Rahmen an H\u00e4userw\u00e4nden oder durch \u00d6sen an Bauger\u00fcsten wind- und wetterfest befestigen. Es<\/p>\n","protected":false},"author":1,"featured_media":0,"parent":0,"menu_order":0,"comment_status":"closed","ping_status":"closed","template":"","meta":{"footnotes":""},"_links":{"self":[{"href":"http:\/\/megaprint-profi.de\/index.php?rest_route=\/wp\/v2\/pages\/171"}],"collection":[{"href":"http:\/\/megaprint-profi.de\/index.php?rest_route=\/wp\/v2\/pages"}],"about":[{"href":"http:\/\/megaprint-profi.de\/index.php?rest_route=\/wp\/v2\/types\/page"}],"author":[{"embeddable":true,"href":"http:\/\/megaprint-profi.de\/index.php?rest_route=\/wp\/v2\/users\/1"}],"replies":[{"embeddable":true,"href":"http:\/\/megaprint-profi.de\/index.php?rest_route=%2Fwp%2Fv2%2Fcomments&post=171"}],"version-history":[{"count":11,"href":"http:\/\/megaprint-profi.de\/index.php?rest_route=\/wp\/v2\/pages\/171\/revisions"}],"predecessor-version":[{"id":306,"href":"http:\/\/megaprint-profi.de\/index.php?rest_route=\/wp\/v2\/pages\/171\/revisions\/306"}],"wp:attachment":[{"href":"http:\/\/megaprint-profi.de\/index.php?rest_route=%2Fwp%2Fv2%2Fmedia&parent=171"}],"curies":[{"name":"wp","href":"https:\/\/api.w.org\/{rel}","templated":true}]}}