{"id":169,"date":"2016-03-16T16:18:11","date_gmt":"2016-03-16T15:18:11","guid":{"rendered":"http:\/\/www.aufkleber-druck-profi.de\/?page_id=169"},"modified":"2018-06-18T13:29:30","modified_gmt":"2018-06-18T11:29:30","slug":"folie","status":"publish","type":"page","link":"http:\/\/megaprint-profi.de\/?page_id=169","title":{"rendered":"Anwendungsorte"},"content":{"rendered":"<div id=\"pl-169\"  class=\"panel-layout\" ><div id=\"pg-169-0\"  class=\"panel-grid panel-no-style\" ><div id=\"pgc-169-0-0\"  class=\"panel-grid-cell\" ><div id=\"panel-169-0-0-0\" class=\"so-panel widget widget_sow-image panel-first-child panel-last-child\" data-index=\"0\" ><div\n\t\t\t\n\t\t\tclass=\"so-widget-sow-image so-widget-sow-image-default-8b5b6f678277-169\"\n\t\t\t\n\t\t>\n\n<div class=\"sow-image-container\">\n\t\t<img decoding=\"async\" src=\"http:\/\/megaprint-profi.de\/wp-content\/uploads\/2018\/06\/Informationen-und-Preise-zum-Thema-Megaprint_001.jpg\" width=\"1024\" height=\"683\" srcset=\"http:\/\/megaprint-profi.de\/wp-content\/uploads\/2018\/06\/Informationen-und-Preise-zum-Thema-Megaprint_001.jpg 1024w, http:\/\/megaprint-profi.de\/wp-content\/uploads\/2018\/06\/Informationen-und-Preise-zum-Thema-Megaprint_001-300x200.jpg 300w, http:\/\/megaprint-profi.de\/wp-content\/uploads\/2018\/06\/Informationen-und-Preise-zum-Thema-Megaprint_001-768x512.jpg 768w, http:\/\/megaprint-profi.de\/wp-content\/uploads\/2018\/06\/Informationen-und-Preise-zum-Thema-Megaprint_001-272x182.jpg 272w\" sizes=\"(max-width: 1024px) 100vw, 1024px\" title=\"Informationen-und-Preise-zum-Thema-Megaprint_001.jpg\" alt=\"Informationen-und-Preise-zum-Thema-Megaprint_001.jpg\" loading=\"lazy\" \t\tclass=\"so-widget-image\"\/>\n\t<\/div>\n\n<\/div><\/div><\/div><div id=\"pgc-169-0-1\"  class=\"panel-grid-cell\" ><div id=\"panel-169-0-1-0\" class=\"so-panel widget widget_sow-editor panel-first-child panel-last-child\" data-index=\"1\" ><div\n\t\t\t\n\t\t\tclass=\"so-widget-sow-editor so-widget-sow-editor-base\"\n\t\t\t\n\t\t>\n<div class=\"siteorigin-widget-tinymce textwidget\">\n\t<div class=\"et_lb_module et_lb_text_block\">\n<p><strong>Wer mit offenen Augen durch die Stadt geht, sieht sie fast \u00fcberall: Megaprints (auch Gro\u00dfformatdruck oder BlowUps genannt) sind gro\u00dfe bedruckte Planen an Fassaden und Ger\u00fcsten<\/strong>.<\/p>\n<p>Oft sind <strong>ganze Geb\u00e4ude<\/strong>, die gerade renoviert werden, mit solchen <strong>Riesenplanen<\/strong> eingeh\u00fcllt,<br \/>\ndie f\u00fcr die <strong>unterschiedlichsten Branchen<\/strong> werben.<\/p>\n<p><strong>Durch die beeindruckende Gr\u00f6\u00dfe sind<\/strong><br \/>\n<strong>Megaprints un\u00fcbersehbar<\/strong>.<\/p>\n<\/div>\n<\/div>\n<\/div><\/div><\/div><\/div><div id=\"pg-169-1\"  class=\"panel-grid panel-no-style\" ><div id=\"pgc-169-1-0\"  class=\"panel-grid-cell\" ><div id=\"panel-169-1-0-0\" class=\"so-panel widget widget_sow-editor panel-first-child panel-last-child\" data-index=\"2\" ><div\n\t\t\t\n\t\t\tclass=\"so-widget-sow-editor so-widget-sow-editor-base\"\n\t\t\t\n\t\t>\n<div class=\"siteorigin-widget-tinymce textwidget\">\n\t<p>Am besten werden Megaprints in Gebieten eingesetzt, in denen sich <strong>sehr viele Leute aufhalten<\/strong>, wie z.B. <strong>Stadtzentren<\/strong>, <strong>Flugh\u00e4fen<\/strong> oder <strong>gro\u00dfen Stra\u00dfen<\/strong>.<\/p>\n<p>Ein Megaprint soll mit seiner Gr\u00f6\u00dfe <strong>so viele Blicke wie m\u00f6glich<\/strong> auf sich ziehen. <\/p>\n<p>Durch die Gr\u00f6\u00dfe sind sie auch <strong>aus gr\u00f6\u00dferer Distanz<\/strong> zu erkennen.<\/p>\n<\/div>\n<\/div><\/div><\/div><div id=\"pgc-169-1-1\"  class=\"panel-grid-cell\" ><div id=\"panel-169-1-1-0\" class=\"so-panel widget widget_sow-image panel-first-child panel-last-child\" data-index=\"3\" ><div\n\t\t\t\n\t\t\tclass=\"so-widget-sow-image so-widget-sow-image-default-8b5b6f678277-169\"\n\t\t\t\n\t\t>\n\n<div class=\"sow-image-container\">\n\t\t<img decoding=\"async\" src=\"http:\/\/megaprint-profi.de\/wp-content\/uploads\/2018\/06\/Informationen-und-Preise-zum-Thema-Megaprint_002.jpg\" width=\"1024\" height=\"685\" srcset=\"http:\/\/megaprint-profi.de\/wp-content\/uploads\/2018\/06\/Informationen-und-Preise-zum-Thema-Megaprint_002.jpg 1024w, http:\/\/megaprint-profi.de\/wp-content\/uploads\/2018\/06\/Informationen-und-Preise-zum-Thema-Megaprint_002-300x201.jpg 300w, http:\/\/megaprint-profi.de\/wp-content\/uploads\/2018\/06\/Informationen-und-Preise-zum-Thema-Megaprint_002-768x514.jpg 768w, http:\/\/megaprint-profi.de\/wp-content\/uploads\/2018\/06\/Informationen-und-Preise-zum-Thema-Megaprint_002-272x182.jpg 272w\" sizes=\"(max-width: 1024px) 100vw, 1024px\" title=\"Informationen-und-Preise-zum-Thema-Megaprint_002.jpg\" alt=\"Informationen-und-Preise-zum-Thema-Megaprint_002.jpg\" loading=\"lazy\" \t\tclass=\"so-widget-image\"\/>\n\t<\/div>\n\n<\/div><\/div><\/div><\/div><\/div>","protected":false},"excerpt":{"rendered":"<p>Wer mit offenen Augen durch die Stadt geht, sieht sie fast \u00fcberall: Megaprints (auch Gro\u00dfformatdruck oder BlowUps genannt) sind gro\u00dfe<\/p>\n","protected":false},"author":1,"featured_media":0,"parent":0,"menu_order":0,"comment_status":"closed","ping_status":"closed","template":"","meta":{"footnotes":""},"_links":{"self":[{"href":"http:\/\/megaprint-profi.de\/index.php?rest_route=\/wp\/v2\/pages\/169"}],"collection":[{"href":"http:\/\/megaprint-profi.de\/index.php?rest_route=\/wp\/v2\/pages"}],"about":[{"href":"http:\/\/megaprint-profi.de\/index.php?rest_route=\/wp\/v2\/types\/page"}],"author":[{"embeddable":true,"href":"http:\/\/megaprint-profi.de\/index.php?rest_route=\/wp\/v2\/users\/1"}],"replies":[{"embeddable":true,"href":"http:\/\/megaprint-profi.de\/index.php?rest_route=%2Fwp%2Fv2%2Fcomments&post=169"}],"version-history":[{"count":13,"href":"http:\/\/megaprint-profi.de\/index.php?rest_route=\/wp\/v2\/pages\/169\/revisions"}],"predecessor-version":[{"id":288,"href":"http:\/\/megaprint-profi.de\/index.php?rest_route=\/wp\/v2\/pages\/169\/revisions\/288"}],"wp:attachment":[{"href":"http:\/\/megaprint-profi.de\/index.php?rest_route=%2Fwp%2Fv2%2Fmedia&parent=169"}],"curies":[{"name":"wp","href":"https:\/\/api.w.org\/{rel}","templated":true}]}}